{"id":137694,"date":"2022-06-28T12:04:15","date_gmt":"2022-06-28T12:04:15","guid":{"rendered":"https:\/\/alfashirt.com\/faq\/"},"modified":"2024-03-07T14:14:15","modified_gmt":"2024-03-07T14:14:15","slug":"faq","status":"publish","type":"page","link":"https:\/\/alfashirt.com\/fr\/faq\/","title":{"rendered":"FAQ"},"content":{"rendered":"\t\t<div data-elementor-type=\"wp-post\" data-elementor-id=\"137694\" class=\"elementor elementor-137694 elementor-3311\" data-elementor-post-type=\"page\">\n\t\t\t\t\t\t<section class=\"elementor-section elementor-top-section elementor-element elementor-element-707a15bf elementor-section-full_width elementor-section-stretched elementor-section-height-default elementor-section-height-default\" data-id=\"707a15bf\" data-element_type=\"section\" data-e-type=\"section\" data-settings=\"{&quot;stretch_section&quot;:&quot;section-stretched&quot;,&quot;background_background&quot;:&quot;classic&quot;,&quot;ekit_has_onepagescroll_dot&quot;:&quot;yes&quot;}\">\n\t\t\t\t\t\t<div class=\"elementor-container elementor-column-gap-default\">\n\t\t\t\t\t<div class=\"elementor-column elementor-col-50 elementor-top-column elementor-element elementor-element-819d2e\" data-id=\"819d2e\" data-element_type=\"column\" data-e-type=\"column\">\n\t\t\t<div class=\"elementor-widget-wrap elementor-element-populated\">\n\t\t\t\t\t\t<div class=\"elementor-element elementor-element-392b013 animated-slow elementor-invisible elementor-widget elementor-widget-heading\" data-id=\"392b013\" data-element_type=\"widget\" data-e-type=\"widget\" data-settings=\"{&quot;_animation&quot;:&quot;fadeIn&quot;,&quot;_animation_delay&quot;:0,&quot;ekit_we_effect_on&quot;:&quot;none&quot;}\" data-widget_type=\"heading.default\">\n\t\t\t\t<div class=\"elementor-widget-container\">\n\t\t\t\t\t<h1 class=\"elementor-heading-title elementor-size-default\">f<span style=\"color:#CB2E1E\">a<\/span>q<\/h1>\t\t\t\t<\/div>\n\t\t\t\t<\/div>\n\t\t\t\t\t<\/div>\n\t\t<\/div>\n\t\t\t\t<div class=\"elementor-column elementor-col-50 elementor-top-column elementor-element elementor-element-6544a112\" data-id=\"6544a112\" data-element_type=\"column\" data-e-type=\"column\">\n\t\t\t<div class=\"elementor-widget-wrap elementor-element-populated\">\n\t\t\t\t\t\t<div class=\"elementor-element elementor-element-6c1ac71f elementor-invisible elementor-widget elementor-widget-text-editor\" data-id=\"6c1ac71f\" data-element_type=\"widget\" data-e-type=\"widget\" data-settings=\"{&quot;_animation&quot;:&quot;fadeIn&quot;,&quot;ekit_we_effect_on&quot;:&quot;none&quot;}\" data-widget_type=\"text-editor.default\">\n\t\t\t\t<div class=\"elementor-widget-container\">\n\t\t\t\t\t\t\t\t\tCi-dessous, nous avons regroup\u00e9 les questions les plus fr\u00e9quemment pos\u00e9es par nos clients. Vous ne trouvez pas de r\u00e9ponse \u00e0 votre question ? N\u2019h\u00e9sitez pas \u00e0 nous contacter !\t\t\t\t\t\t\t\t<\/div>\n\t\t\t\t<\/div>\n\t\t\t\t\t<\/div>\n\t\t<\/div>\n\t\t\t\t\t<\/div>\n\t\t<\/section>\n\t\t\t\t<section class=\"elementor-section elementor-top-section elementor-element elementor-element-95f79f7 elementor-section-full_width elementor-section-height-default elementor-section-height-default\" data-id=\"95f79f7\" data-element_type=\"section\" data-e-type=\"section\" data-settings=\"{&quot;ekit_has_onepagescroll_dot&quot;:&quot;yes&quot;}\">\n\t\t\t\t\t\t<div class=\"elementor-container elementor-column-gap-default\">\n\t\t\t\t\t<div class=\"elementor-column elementor-col-100 elementor-top-column elementor-element elementor-element-ef81965\" data-id=\"ef81965\" data-element_type=\"column\" data-e-type=\"column\">\n\t\t\t<div class=\"elementor-widget-wrap elementor-element-populated\">\n\t\t\t\t\t\t<div class=\"elementor-element elementor-element-3fe0337 elementor-widget elementor-widget-elementskit-faq\" data-id=\"3fe0337\" data-element_type=\"widget\" data-e-type=\"widget\" data-settings=\"{&quot;ekit_we_effect_on&quot;:&quot;none&quot;}\" data-widget_type=\"elementskit-faq.default\">\n\t\t\t\t<div class=\"elementor-widget-container\">\n\t\t\t\t\t<div class=\"ekit-wid-con\" >\n                <div class=\"elementskit-single-faq elementor-repeater-item-2d1e007\">\n            <div class=\"elementskit-faq-header\">\n                <h2 class=\"elementskit-faq-title\">Puis-je commander des textiles non imprim\u00e9s?<\/h2>\n            <\/div>\n            <div class=\"elementskit-faq-body\">\n                Tout \u00e0 fait ! Vous pouvez commander des textiles non imprim\u00e9s via notre boutique en ligne.            <\/div>\n        <\/div>\n                <div class=\"elementskit-single-faq elementor-repeater-item-26bc8c6\">\n            <div class=\"elementskit-faq-header\">\n                <h2 class=\"elementskit-faq-title\">Y a-t-il un nombre minimum de pi\u00e8ces textiles par commande?<\/h2>\n            <\/div>\n            <div class=\"elementskit-faq-body\">\n                Tant pour l'impression textile que pour la broderie, il y a un minimum de 10 pi\u00e8ces par design. Ce nombre peut varier en fonction du choix du textile, des dimensions et des couleurs.            <\/div>\n        <\/div>\n                <div class=\"elementskit-single-faq elementor-repeater-item-ff2f71e\">\n            <div class=\"elementskit-faq-header\">\n                <h2 class=\"elementskit-faq-title\">Quel est le d\u00e9lai de livraison?<\/h2>\n            <\/div>\n            <div class=\"elementskit-faq-body\">\n                Le d\u00e9lai de livraison moyen varie entre 10 et 12 jours ouvrables apr\u00e8s approbation de la confirmation de la commande, du dessin num\u00e9rique et sous r\u00e9serve de la disponibilit\u00e9 des textiles.             <\/div>\n        <\/div>\n                <div class=\"elementskit-single-faq elementor-repeater-item-e62cf07\">\n            <div class=\"elementskit-faq-header\">\n                <h2 class=\"elementskit-faq-title\">Puis-je fournir mes propres textiles \u00e0 imprimer ou \u00e0 broder?<\/h2>\n            <\/div>\n            <div class=\"elementskit-faq-body\">\n                Oui, c'est possible. N'oubliez pas que nous devons facturer des frais de traitement minimes.            <\/div>\n        <\/div>\n                <div class=\"elementskit-single-faq elementor-repeater-item-e8b334e\">\n            <div class=\"elementskit-faq-header\">\n                <h2 class=\"elementskit-faq-title\">Comment dois-je soumettre mes fichiers?<\/h2>\n            <\/div>\n            <div class=\"elementskit-faq-body\">\n                Nous pr\u00e9f\u00e9rons recevoir des fichiers vectoriels Illustrator (formats .ai, .eps ou .pdf).  Veillez \u00e0 ce que les fichiers soient format\u00e9s en couleurs PMS (Pantone). En outre, il est essentiel de convertir les polices en contours et d'inclure la police correspondante.\n\nVous pouvez envoyer les fichiers par courrier \u00e9lectronique. Si le fichier est trop volumineux pour \u00eatre envoy\u00e9 par courrier \u00e9lectronique, nous vous recommandons d'utiliser notre lien WeTransfer : https:\/\/alfashirt.wetransfer.com.            <\/div>\n        <\/div>\n                <div class=\"elementskit-single-faq elementor-repeater-item-0779501\">\n            <div class=\"elementskit-faq-header\">\n                <h2 class=\"elementskit-faq-title\">Que dois-je faire si je n&#039;ai pas de fichiers vectoriels?<\/h2>\n            <\/div>\n            <div class=\"elementskit-faq-body\">\n                Si vous ne disposez pas de fichiers vectoriels, nous pouvons les convertir pour vous. Veuillez noter qu'un co\u00fbt de dessin par logo sera factur\u00e9 pour cette op\u00e9ration.            <\/div>\n        <\/div>\n                <div class=\"elementskit-single-faq elementor-repeater-item-4aca714\">\n            <div class=\"elementskit-faq-header\">\n                <h2 class=\"elementskit-faq-title\">Comment puis-je payer lors de l&#039;enl\u00e8vement de ma commande?<\/h2>\n            <\/div>\n            <div class=\"elementskit-faq-body\">\n                Lors de l'enl\u00e8vement de votre commande, nous vous proposons les modes de paiement suivants : Bancontact ou esp\u00e8ces (cash).            <\/div>\n        <\/div>\n                <div class=\"elementskit-single-faq elementor-repeater-item-1c605ca\">\n            <div class=\"elementskit-faq-header\">\n                <h2 class=\"elementskit-faq-title\">Puis-je me rendre dans votre magasin pour un essayage?<\/h2>\n            <\/div>\n            <div class=\"elementskit-faq-body\">\n                Oui, mais uniquement sur rendez-vous. Celui-ci peut \u00eatre pris via le formulaire de notre page de contact.\n\nNous pr\u00e9sentons une vaste collection dans notre salle d'exposition. Toutefois, si vous recherchez un article ou une taille sp\u00e9cifique, nous ne pouvons pas garantir une disponibilit\u00e9 imm\u00e9diate. Dans ce cas, il est possible de commander des tailles sur mesure. Veuillez noter que les tailles d'adaptation command\u00e9es ne peuvent pas \u00eatre renvoy\u00e9es. Nous les int\u00e9grerons plus tard dans votre commande ou elles seront factur\u00e9es s\u00e9par\u00e9ment. Veuillez nous contacter pour de plus amples informations.            <\/div>\n        <\/div>\n                <div class=\"elementskit-single-faq elementor-repeater-item-068e9aa\">\n            <div class=\"elementskit-faq-header\">\n                <h2 class=\"elementskit-faq-title\">Puis-je visiter la salle d&#039;exposition sans rendez-vous?<\/h2>\n            <\/div>\n            <div class=\"elementskit-faq-body\">\n                Non, ce n'est malheureusement pas possible. Afin d'accorder \u00e0 chaque client l'attention n\u00e9cessaire, nous sommes heureux de fixer un rendez-vous \u00e0 l'avance pour visiter notre salle d'exposition. N'h\u00e9sitez pas \u00e0 nous contacter pour convenir d'un rendez-vous.            <\/div>\n        <\/div>\n                <div class=\"elementskit-single-faq elementor-repeater-item-3a1bc24\">\n            <div class=\"elementskit-faq-header\">\n                <h2 class=\"elementskit-faq-title\">Comment puis-je commander?<\/h2>\n            <\/div>\n            <div class=\"elementskit-faq-body\">\n                Vous avez plusieurs possibilit\u00e9s pour passer une commande, soit par t\u00e9l\u00e9phone, soit par e-mail. Vous pouvez \u00e9galement passer votre commande lors de votre rendez-vous dans notre salle d'exposition. Vous pouvez \u00e9galement demander un devis via notre site web.            <\/div>\n        <\/div>\n                <div class=\"elementskit-single-faq elementor-repeater-item-6d0242a\">\n            <div class=\"elementskit-faq-header\">\n                <h2 class=\"elementskit-faq-title\">Quelles sont les m\u00e9thodes de d\u00e9coration que vous proposez?<\/h2>\n            <\/div>\n            <div class=\"elementskit-faq-body\">\n                Nous proposons diff\u00e9rentes m\u00e9thodes de d\u00e9coration : broderie, DTG (Direct To Garment), impression par transfert num\u00e9rique et s\u00e9rigraphie. Vous trouverez plus d'informations sur chaque m\u00e9thode en cliquant sur \"imprimer\" et \"broder\" dans notre menu d\u00e9roulant. En outre, vous pouvez toujours nous contacter, nous nous ferons un plaisir de vous aider en vous donnant des conseils professionnels.            <\/div>\n        <\/div>\n                <div class=\"elementskit-single-faq elementor-repeater-item-f490734\">\n            <div class=\"elementskit-faq-header\">\n                <h2 class=\"elementskit-faq-title\">Puis-je passer des commandes suppl\u00e9mentaires?<\/h2>\n            <\/div>\n            <div class=\"elementskit-faq-body\">\n                Oui, il est possible de passer des commandes suppl\u00e9mentaires, mais la quantit\u00e9 minimale est de 10 pi\u00e8ces. N'oubliez pas que des frais de d\u00e9marrage sont factur\u00e9s pour chaque commande suppl\u00e9mentaire. N'h\u00e9sitez pas \u00e0 nous contacter pour plus d'informations.            <\/div>\n        <\/div>\n                <div class=\"elementskit-single-faq elementor-repeater-item-3b606b4\">\n            <div class=\"elementskit-faq-header\">\n                <h2 class=\"elementskit-faq-title\">Puis-je annuler ma commande?<\/h2>\n            <\/div>\n            <div class=\"elementskit-faq-body\">\n                Apr\u00e8s l'approbation explicite d'une commande, il n'est plus possible de l'annuler. Toutefois, si vous le souhaitez, nous vous offrons la possibilit\u00e9 de vous envoyer le textile non imprim\u00e9.            <\/div>\n        <\/div>\n                <div class=\"elementskit-single-faq elementor-repeater-item-306941f\">\n            <div class=\"elementskit-faq-header\">\n                <h2 class=\"elementskit-faq-title\">Livrez-vous dans le monde entier?<\/h2>\n            <\/div>\n            <div class=\"elementskit-faq-body\">\n                Non, nous ne livrons qu'en Europe.            <\/div>\n        <\/div>\n                <div class=\"elementskit-single-faq elementor-repeater-item-e9d463c\">\n            <div class=\"elementskit-faq-header\">\n                <h2 class=\"elementskit-faq-title\">Comment saurai-je que ma commande est pr\u00eate?<\/h2>\n            <\/div>\n            <div class=\"elementskit-faq-body\">\n                Vous recevrez un bon de livraison d\u00e8s que votre commande sera pr\u00eate \u00e0 \u00eatre enlev\u00e9e ou exp\u00e9di\u00e9e.            <\/div>\n        <\/div>\n                <div class=\"elementskit-single-faq elementor-repeater-item-3ff847c\">\n            <div class=\"elementskit-faq-header\">\n                <h2 class=\"elementskit-faq-title\">Puis-je commander chez vous en tant que particulier?<\/h2>\n            <\/div>\n            <div class=\"elementskit-faq-body\">\n                Bien s\u00fbr, vous pouvez \u00e9galement commander chez nous en tant que particulier. Toutefois, veuillez noter qu'une commande minimale de 10 pi\u00e8ces par technique d'impression est requise.            <\/div>\n        <\/div>\n                <div class=\"elementskit-single-faq elementor-repeater-item-cd2ac63\">\n            <div class=\"elementskit-faq-header\">\n                <h2 class=\"elementskit-faq-title\">Quels services suppl\u00e9mentaires offrez-vous en plus de la d\u00e9coration de v\u00eatements et d&#039;accessoires?<\/h2>\n            <\/div>\n            <div class=\"elementskit-faq-body\">\n                Outre la d\u00e9coration de v\u00eatements et d'accessoires, nous proposons les services suppl\u00e9mentaires suivants : couture d'\u00e9tiquettes, emballage individuel, application de codes-barres et d'\u00e9tiquettes volantes.            <\/div>\n        <\/div>\n                \n    <\/div>\t\t\t\t<\/div>\n\t\t\t\t<\/div>\n\t\t\t\t\t<\/div>\n\t\t<\/div>\n\t\t\t\t\t<\/div>\n\t\t<\/section>\n\t\t\t\t<section class=\"elementor-section elementor-top-section elementor-element elementor-element-122aa9b elementor-section-full_width elementor-section-height-default elementor-section-height-default\" data-id=\"122aa9b\" data-element_type=\"section\" data-e-type=\"section\" data-settings=\"{&quot;background_background&quot;:&quot;classic&quot;,&quot;ekit_has_onepagescroll_dot&quot;:&quot;yes&quot;}\">\n\t\t\t\t\t\t\t<div class=\"elementor-background-overlay\"><\/div>\n\t\t\t\t\t\t\t<div class=\"elementor-container elementor-column-gap-no\">\n\t\t\t\t\t<div class=\"elementor-column elementor-col-50 elementor-top-column elementor-element elementor-element-24c1404 elementor-invisible\" data-id=\"24c1404\" data-element_type=\"column\" data-e-type=\"column\" data-settings=\"{&quot;animation&quot;:&quot;fadeIn&quot;,&quot;background_background&quot;:&quot;classic&quot;}\">\n\t\t\t<div class=\"elementor-widget-wrap elementor-element-populated\">\n\t\t\t\t\t<div class=\"elementor-background-overlay\"><\/div>\n\t\t\t\t\t\t<div class=\"elementor-element elementor-element-35e1020 elementor-widget elementor-widget-heading\" data-id=\"35e1020\" data-element_type=\"widget\" data-e-type=\"widget\" data-settings=\"{&quot;ekit_we_effect_on&quot;:&quot;none&quot;}\" data-widget_type=\"heading.default\">\n\t\t\t\t<div class=\"elementor-widget-container\">\n\t\t\t\t\t<h2 class=\"elementor-heading-title elementor-size-default\">VOUS SOUHAITEZ RESTER INFORM\u00c9 <br>DES NOUVELLES ALFA SHIRT ?<\/h2>\t\t\t\t<\/div>\n\t\t\t\t<\/div>\n\t\t\t\t<div class=\"elementor-element elementor-element-3811065 elementor-widget elementor-widget-text-editor\" data-id=\"3811065\" data-element_type=\"widget\" data-e-type=\"widget\" data-settings=\"{&quot;ekit_we_effect_on&quot;:&quot;none&quot;}\" data-widget_type=\"text-editor.default\">\n\t\t\t\t<div class=\"elementor-widget-container\">\n\t\t\t\t\t\t\t\t\tCliquez sur le bouton s&rsquo;abonner\u00a0!\t\t\t\t\t\t\t\t<\/div>\n\t\t\t\t<\/div>\n\t\t\t\t<div class=\"elementor-element elementor-element-704636f e-grid-align-left e-grid-align-mobile-center elementor-shape-rounded elementor-grid-0 elementor-widget elementor-widget-social-icons\" data-id=\"704636f\" data-element_type=\"widget\" data-e-type=\"widget\" data-settings=\"{&quot;ekit_we_effect_on&quot;:&quot;none&quot;}\" data-widget_type=\"social-icons.default\">\n\t\t\t\t<div class=\"elementor-widget-container\">\n\t\t\t\t\t\t\t<div class=\"elementor-social-icons-wrapper elementor-grid\" role=\"list\">\n\t\t\t\t\t\t\t<span class=\"elementor-grid-item\" role=\"listitem\">\n\t\t\t\t\t<a class=\"elementor-icon elementor-social-icon elementor-social-icon-facebook-f elementor-repeater-item-63678b3\" href=\"https:\/\/nl-nl.facebook.com\/AlfaShirtbvba\/\" target=\"_blank\">\n\t\t\t\t\t\t<span class=\"elementor-screen-only\">Facebook-f<\/span>\n\t\t\t\t\t\t<i aria-hidden=\"true\" class=\"fab fa-facebook-f\"><\/i>\t\t\t\t\t<\/a>\n\t\t\t\t<\/span>\n\t\t\t\t\t\t\t<span class=\"elementor-grid-item\" role=\"listitem\">\n\t\t\t\t\t<a class=\"elementor-icon elementor-social-icon elementor-social-icon-instagram elementor-repeater-item-d46da86\" href=\"https:\/\/www.instagram.com\/alfashirt_europe\/\" target=\"_blank\">\n\t\t\t\t\t\t<span class=\"elementor-screen-only\">Instagram<\/span>\n\t\t\t\t\t\t<i aria-hidden=\"true\" class=\"fab fa-instagram\"><\/i>\t\t\t\t\t<\/a>\n\t\t\t\t<\/span>\n\t\t\t\t\t\t\t<span class=\"elementor-grid-item\" role=\"listitem\">\n\t\t\t\t\t<a class=\"elementor-icon elementor-social-icon elementor-social-icon-linkedin elementor-repeater-item-e4d5351\" href=\"https:\/\/www.linkedin.com\/company\/alfa-shirt\/\" target=\"_blank\">\n\t\t\t\t\t\t<span class=\"elementor-screen-only\">Linkedin<\/span>\n\t\t\t\t\t\t<i aria-hidden=\"true\" class=\"fab fa-linkedin\"><\/i>\t\t\t\t\t<\/a>\n\t\t\t\t<\/span>\n\t\t\t\t\t\t\t<span class=\"elementor-grid-item\" role=\"listitem\">\n\t\t\t\t\t<a class=\"elementor-icon elementor-social-icon elementor-social-icon-pinterest elementor-repeater-item-6ebe113\" href=\"https:\/\/www.pinterest.com\/alfashirt\/_created\/\" target=\"_blank\">\n\t\t\t\t\t\t<span class=\"elementor-screen-only\">Pinterest<\/span>\n\t\t\t\t\t\t<i aria-hidden=\"true\" class=\"fab fa-pinterest\"><\/i>\t\t\t\t\t<\/a>\n\t\t\t\t<\/span>\n\t\t\t\t\t\t\t<span class=\"elementor-grid-item\" role=\"listitem\">\n\t\t\t\t\t<a class=\"elementor-icon elementor-social-icon elementor-social-icon-youtube elementor-repeater-item-1f45179\" href=\"https:\/\/www.youtube.com\/channel\/UCGyx9Sn_mmTB3-BodzBNhiA\" target=\"_blank\">\n\t\t\t\t\t\t<span class=\"elementor-screen-only\">Youtube<\/span>\n\t\t\t\t\t\t<i aria-hidden=\"true\" class=\"fab fa-youtube\"><\/i>\t\t\t\t\t<\/a>\n\t\t\t\t<\/span>\n\t\t\t\t\t<\/div>\n\t\t\t\t\t\t<\/div>\n\t\t\t\t<\/div>\n\t\t\t\t\t<\/div>\n\t\t<\/div>\n\t\t\t\t<div class=\"elementor-column elementor-col-50 elementor-top-column elementor-element elementor-element-d722cd3\" data-id=\"d722cd3\" data-element_type=\"column\" data-e-type=\"column\">\n\t\t\t<div class=\"elementor-widget-wrap elementor-element-populated\">\n\t\t\t\t\t\t<div class=\"elementor-element elementor-element-ea5ecc9 elementor-align-center animated-slow elementor-tablet-align-right elementor-mobile-align-center elementor-invisible elementor-widget elementor-widget-button\" data-id=\"ea5ecc9\" data-element_type=\"widget\" data-e-type=\"widget\" data-settings=\"{&quot;_animation&quot;:&quot;fadeIn&quot;,&quot;ekit_we_effect_on&quot;:&quot;none&quot;}\" data-widget_type=\"button.default\">\n\t\t\t\t<div class=\"elementor-widget-container\">\n\t\t\t\t\t\t\t\t\t<div class=\"elementor-button-wrapper\">\n\t\t\t\t\t<a class=\"elementor-button elementor-button-link elementor-size-sm\" href=\"http:\/\/eepurl.com\/hNygvv\" target=\"_blank\">\n\t\t\t\t\t\t<span class=\"elementor-button-content-wrapper\">\n\t\t\t\t\t\t<span class=\"elementor-button-icon\">\n\t\t\t\t<i aria-hidden=\"true\" class=\"fas fa-long-arrow-alt-right\"><\/i>\t\t\t<\/span>\n\t\t\t\t\t\t\t\t\t<span class=\"elementor-button-text\">S'ABONNER<\/span>\n\t\t\t\t\t<\/span>\n\t\t\t\t\t<\/a>\n\t\t\t\t<\/div>\n\t\t\t\t\t\t\t\t<\/div>\n\t\t\t\t<\/div>\n\t\t\t\t\t<\/div>\n\t\t<\/div>\n\t\t\t\t\t<\/div>\n\t\t<\/section>\n\t\t\t\t<\/div>\n\t\t","protected":false},"excerpt":{"rendered":"<p>faq Ci-dessous, nous avons regroup\u00e9 les questions les plus fr\u00e9quemment pos\u00e9es par nos clients. Vous ne trouvez pas de r\u00e9ponse \u00e0 votre question ? N\u2019h\u00e9sitez pas \u00e0 nous contacter ! Puis-je commander des textiles non imprim\u00e9s? Tout \u00e0 fait ! Vous pouvez commander des textiles non imprim\u00e9s via notre boutique en ligne. Y a-t-il un [&hellip;]<\/p>\n","protected":false},"author":1,"featured_media":0,"parent":0,"menu_order":0,"comment_status":"closed","ping_status":"closed","template":"elementor_header_footer","meta":{"_acf_changed":false,"_monsterinsights_skip_tracking":false,"_monsterinsights_sitenote_active":false,"_monsterinsights_sitenote_note":"","_monsterinsights_sitenote_category":0,"footnotes":""},"class_list":["post-137694","page","type-page","status-publish","hentry"],"acf":[],"_links":{"self":[{"href":"https:\/\/alfashirt.com\/fr\/wp-json\/wp\/v2\/pages\/137694","targetHints":{"allow":["GET"]}}],"collection":[{"href":"https:\/\/alfashirt.com\/fr\/wp-json\/wp\/v2\/pages"}],"about":[{"href":"https:\/\/alfashirt.com\/fr\/wp-json\/wp\/v2\/types\/page"}],"author":[{"embeddable":true,"href":"https:\/\/alfashirt.com\/fr\/wp-json\/wp\/v2\/users\/1"}],"replies":[{"embeddable":true,"href":"https:\/\/alfashirt.com\/fr\/wp-json\/wp\/v2\/comments?post=137694"}],"version-history":[{"count":13,"href":"https:\/\/alfashirt.com\/fr\/wp-json\/wp\/v2\/pages\/137694\/revisions"}],"predecessor-version":[{"id":480471,"href":"https:\/\/alfashirt.com\/fr\/wp-json\/wp\/v2\/pages\/137694\/revisions\/480471"}],"wp:attachment":[{"href":"https:\/\/alfashirt.com\/fr\/wp-json\/wp\/v2\/media?parent=137694"}],"curies":[{"name":"wp","href":"https:\/\/api.w.org\/{rel}","templated":true}]}}